{"id":1099,"date":"2023-04-17T16:29:16","date_gmt":"2023-04-17T16:29:16","guid":{"rendered":"https:\/\/www.berolkemi.es\/?page_id=1099"},"modified":"2023-04-19T12:02:13","modified_gmt":"2023-04-19T12:02:13","slug":"desechables-industria-alimentaria-centros-medicos-clinicas","status":"publish","type":"page","link":"https:\/\/www.berolkemi.es\/index.php\/desechables-industria-alimentaria-centros-medicos-clinicas\/","title":{"rendered":"Desechables"},"content":{"rendered":"\n<p class=\"has-text-align-center\"><\/p>\n\n\n\n<hr class=\"wp-block-separator has-css-opacity is-style-default\"\/>\n\n\n<div class=\"wp-block-image is-style-rounded\">\n<figure class=\"aligncenter size-large is-resized\"><img fetchpriority=\"high\" decoding=\"async\" src=\"https:\/\/www.berolkemi.es\/wp-content\/uploads\/2023\/04\/Desechables-alimentarios-1024x265.jpg\" alt=\"\" class=\"wp-image-1132\" width=\"894\" height=\"233\" srcset=\"https:\/\/www.berolkemi.es\/wp-content\/uploads\/2023\/04\/Desechables-alimentarios-300x78.jpg 300w, https:\/\/www.berolkemi.es\/wp-content\/uploads\/2023\/04\/Desechables-alimentarios-768x199.jpg 768w\" sizes=\"(max-width: 894px) 100vw, 894px\" \/><\/figure>\n<\/div>\n\n\n<blockquote class=\"wp-block-quote has-text-align-center is-style-large is-layout-flow wp-block-quote-is-layout-flow\">\n<p class=\"has-small-font-size\"><strong>Disponemos de productos desechables, para su utilizaci\u00f3n en la industria alimentaria en general, empresas de catering, industria conservera,  centros m\u00e9dicos, cl\u00ednicas dentales, restaurantes,   cl\u00ednicas veterinarias, clubs, etc.<\/strong><\/p>\n<\/blockquote>\n\n\n\n<hr class=\"wp-block-separator has-css-opacity is-style-default\"\/>\n\n\n\n<p><\/p>\n\n\n\n<div class=\"wp-block-media-text alignwide is-stacked-on-mobile\" style=\"grid-template-columns:23% auto\"><figure class=\"wp-block-media-text__media\"><img decoding=\"async\" width=\"331\" height=\"218\" src=\"https:\/\/www.berolkemi.es\/wp-content\/uploads\/2023\/04\/Nitrilo-azul.jpg\" alt=\"\" class=\"wp-image-1130 size-full\" srcset=\"https:\/\/www.berolkemi.es\/wp-content\/uploads\/2023\/04\/Nitrilo-azul.jpg 331w, https:\/\/www.berolkemi.es\/wp-content\/uploads\/2023\/04\/Nitrilo-azul-300x198.jpg 300w\" sizes=\"(max-width: 331px) 100vw, 331px\" \/><\/figure><div class=\"wp-block-media-text__content\">\n<p class=\"has-medium-font-size\">Guantes de Latex y Nitrilo  con y sin polvo,.<\/p>\n\n\n\n<p class=\"has-medium-font-size\">Nitrilos de distintos colores, Azules, Violetas, Rosas, Blancos, Negros<\/p>\n\n\n\n<div class=\"wp-block-media-text alignwide has-media-on-the-right is-stacked-on-mobile\" style=\"grid-template-columns:auto 19%\"><div class=\"wp-block-media-text__content\">\n<p>,  <\/p>\n\n\n\n<p>Con gramajes especiales, reforzados, para una mayor durabilidad<\/p>\n<\/div><figure class=\"wp-block-media-text__media\"><img decoding=\"async\" width=\"207\" height=\"250\" src=\"https:\/\/www.berolkemi.es\/wp-content\/uploads\/2023\/04\/nitrilo-negro.jpg\" alt=\"\" class=\"wp-image-1131 size-full\"\/><\/figure><\/div>\n<\/div><\/div>\n\n\n\n<div class=\"wp-block-media-text alignwide is-stacked-on-mobile is-vertically-aligned-center\" style=\"grid-template-columns:15% auto\"><figure class=\"wp-block-media-text__media\"><img loading=\"lazy\" decoding=\"async\" width=\"162\" height=\"147\" src=\"https:\/\/www.berolkemi.es\/wp-content\/uploads\/2023\/04\/batas-polipropileno-40-reto.jpg\" alt=\"\" class=\"wp-image-1142 size-full\"\/><\/figure><div class=\"wp-block-media-text__content\">\n<p>Batas, manguitos, cubre zapatos, gorros, recoge pelos, cubre barbas, Kit de visita para industria alimentaria<\/p>\n<\/div><\/div>\n","protected":false},"excerpt":{"rendered":"<p>Disponemos de productos desechables, para su utilizaci\u00f3n en la industria alimentaria en general, empresas de catering, industria conservera, centros m\u00e9dicos, cl\u00ednicas dentales, restaurantes, cl\u00ednicas veterinarias, clubs, etc. Batas, manguitos, cubre zapatos, gorros, recoge pelos, cubre barbas, Kit de visita para industria alimentaria<\/p>\n","protected":false},"author":1,"featured_media":0,"parent":0,"menu_order":0,"comment_status":"closed","ping_status":"closed","template":"","meta":{"footnotes":""},"class_list":["post-1099","page","type-page","status-publish","hentry"],"_links":{"self":[{"href":"https:\/\/www.berolkemi.es\/index.php\/wp-json\/wp\/v2\/pages\/1099","targetHints":{"allow":["GET"]}}],"collection":[{"href":"https:\/\/www.berolkemi.es\/index.php\/wp-json\/wp\/v2\/pages"}],"about":[{"href":"https:\/\/www.berolkemi.es\/index.php\/wp-json\/wp\/v2\/types\/page"}],"author":[{"embeddable":true,"href":"https:\/\/www.berolkemi.es\/index.php\/wp-json\/wp\/v2\/users\/1"}],"replies":[{"embeddable":true,"href":"https:\/\/www.berolkemi.es\/index.php\/wp-json\/wp\/v2\/comments?post=1099"}],"version-history":[{"count":9,"href":"https:\/\/www.berolkemi.es\/index.php\/wp-json\/wp\/v2\/pages\/1099\/revisions"}],"predecessor-version":[{"id":1146,"href":"https:\/\/www.berolkemi.es\/index.php\/wp-json\/wp\/v2\/pages\/1099\/revisions\/1146"}],"wp:attachment":[{"href":"https:\/\/www.berolkemi.es\/index.php\/wp-json\/wp\/v2\/media?parent=1099"}],"curies":[{"name":"wp","href":"https:\/\/api.w.org\/{rel}","templated":true}]}}