{"id":1222,"date":"2023-05-24T15:29:29","date_gmt":"2023-05-24T15:29:29","guid":{"rendered":"https:\/\/www.berolkemi.es\/?page_id=1222"},"modified":"2023-06-13T16:48:12","modified_gmt":"2023-06-13T16:48:12","slug":"proteccion-interior-de-vehiculos-2","status":"publish","type":"page","link":"https:\/\/www.berolkemi.es\/index.php\/proteccion-interior-de-vehiculos-2\/","title":{"rendered":"PROTECCION INTERIOR DE VEHICULOS"},"content":{"rendered":"\t\t<div data-elementor-type=\"wp-page\" data-elementor-id=\"1222\" class=\"elementor elementor-1222\">\n\t\t\t\t<div class=\"elementor-element elementor-element-e6ba777 e-flex e-con-boxed e-con e-parent\" data-id=\"e6ba777\" data-element_type=\"container\">\n\t\t\t\t\t<div class=\"e-con-inner\">\n\t\t<div class=\"elementor-element elementor-element-d941427 e-con-full e-flex e-con e-parent\" data-id=\"d941427\" data-element_type=\"container\">\n\t\t<div class=\"elementor-element elementor-element-5132c54 e-con-full e-flex e-con e-parent\" data-id=\"5132c54\" data-element_type=\"container\">\n\t\t\t\t<div class=\"elementor-element elementor-element-e7a760f elementor-widget elementor-widget-text-editor\" data-id=\"e7a760f\" data-element_type=\"widget\" data-widget_type=\"text-editor.default\">\n\t\t\t\t<div class=\"elementor-widget-container\">\n\t\t\t\t\t\t\t\t\t<p style=\"text-align: center;\">Le mostramos algunos de los art\u00edculos que disponemos para cuidado interior de los veh\u00edculos, sus clientes ver\u00e1n que usted cuida de sus coches\u00a0 desde el primer momento<\/p>\t\t\t\t\t\t\t\t<\/div>\n\t\t\t\t<\/div>\n\t\t\t\t<\/div>\n\t\t\t\t<\/div>\n\t\t<div class=\"elementor-element elementor-element-21e3d6d e-con-full e-flex e-con e-parent\" data-id=\"21e3d6d\" data-element_type=\"container\">\n\t\t\t\t<\/div>\n\t\t<div class=\"elementor-element elementor-element-6d4c803 e-con-full e-flex e-con e-parent\" data-id=\"6d4c803\" data-element_type=\"container\">\n\t\t\t\t<div class=\"elementor-element elementor-element-a6b8abb elementor-widget__width-initial elementor-widget elementor-widget-image\" data-id=\"a6b8abb\" data-element_type=\"widget\" data-widget_type=\"image.default\">\n\t\t\t\t<div class=\"elementor-widget-container\">\n\t\t\t\t\t\t\t\t\t\t\t\t\t\t\t<img decoding=\"async\" width=\"83\" height=\"96\" src=\"https:\/\/www.berolkemi.es\/wp-content\/uploads\/2023\/04\/cubre-suelos-RT-1.jpg\" class=\"attachment-medium size-medium wp-image-1070\" alt=\"\" \/>\t\t\t\t\t\t\t\t\t\t\t\t\t\t\t<\/div>\n\t\t\t\t<\/div>\n\t\t\t\t<\/div>\n\t\t<div class=\"elementor-element elementor-element-7704c0d e-con-full e-flex e-con e-parent\" data-id=\"7704c0d\" data-element_type=\"container\">\n\t\t\t\t<div class=\"elementor-element elementor-element-e9ee430 elementor-widget elementor-widget-text-editor\" data-id=\"e9ee430\" data-element_type=\"widget\" data-widget_type=\"text-editor.default\">\n\t\t\t\t<div class=\"elementor-widget-container\">\n\t\t\t\t\t\t\t\t\t<p><strong><em>Alfombrillas de papel de alto gramaje medidas 40&#215;50 cent\u00edmetros, con huellas o con marca de autom\u00f3viles, posibilidad de\u00a0 personalizarlas.<\/em><\/strong><\/p>\t\t\t\t\t\t\t\t<\/div>\n\t\t\t\t<\/div>\n\t\t\t\t<\/div>\n\t\t<div class=\"elementor-element elementor-element-bef78bc e-con-full e-flex e-con e-parent\" data-id=\"bef78bc\" data-element_type=\"container\">\n\t\t\t\t<div class=\"elementor-element elementor-element-712cd7e elementor-widget__width-initial elementor-widget elementor-widget-image\" data-id=\"712cd7e\" data-element_type=\"widget\" data-widget_type=\"image.default\">\n\t\t\t\t<div class=\"elementor-widget-container\">\n\t\t\t\t\t\t\t\t\t\t\t\t\t\t\t<img decoding=\"async\" width=\"145\" height=\"121\" src=\"https:\/\/www.berolkemi.es\/wp-content\/uploads\/2023\/05\/fundas-asientos.jpg\" class=\"attachment-large size-large wp-image-1228\" alt=\"\" \/>\t\t\t\t\t\t\t\t\t\t\t\t\t\t\t<\/div>\n\t\t\t\t<\/div>\n\t\t\t\t<\/div>\n\t\t<div class=\"elementor-element elementor-element-7f0f688 e-con-full e-flex e-con e-parent\" data-id=\"7f0f688\" data-element_type=\"container\">\n\t\t\t\t<div class=\"elementor-element elementor-element-3bca0e0 elementor-widget elementor-widget-text-editor\" data-id=\"3bca0e0\" data-element_type=\"widget\" data-widget_type=\"text-editor.default\">\n\t\t\t\t<div class=\"elementor-widget-container\">\n\t\t\t\t\t\t\t\t\t<p><em><strong>Fundas pl\u00e1sticas de color blanco, para la protecci\u00f3n completa de los asientos delanteros, fabricadas en pl\u00e1stico recuperado de alto gramaje, para una mayor resistencia a las roturas.\u00a0<\/strong><\/em><\/p>\t\t\t\t\t\t\t\t<\/div>\n\t\t\t\t<\/div>\n\t\t\t\t<\/div>\n\t\t<div class=\"elementor-element elementor-element-8d8b685 e-con-full e-flex e-con e-parent\" data-id=\"8d8b685\" data-element_type=\"container\">\n\t\t\t\t<div class=\"elementor-element elementor-element-a194252 elementor-widget-mobile__width-initial elementor-widget elementor-widget-image\" data-id=\"a194252\" data-element_type=\"widget\" data-widget_type=\"image.default\">\n\t\t\t\t<div class=\"elementor-widget-container\">\n\t\t\t\t\t\t\t\t\t\t\t\t\t\t\t<img fetchpriority=\"high\" decoding=\"async\" width=\"234\" height=\"300\" src=\"https:\/\/www.berolkemi.es\/wp-content\/uploads\/2023\/05\/Asiento-blanca-234x300.jpg\" class=\"attachment-medium size-medium wp-image-1224\" alt=\"\" srcset=\"https:\/\/www.berolkemi.es\/wp-content\/uploads\/2023\/05\/Asiento-blanca-234x300.jpg 234w, https:\/\/www.berolkemi.es\/wp-content\/uploads\/2023\/05\/Asiento-blanca.jpg 243w\" sizes=\"(max-width: 234px) 100vw, 234px\" \/>\t\t\t\t\t\t\t\t\t\t\t\t\t\t\t<\/div>\n\t\t\t\t<\/div>\n\t\t\t\t<\/div>\n\t\t<div class=\"elementor-element elementor-element-a1adaaa e-con-full e-flex e-con e-parent\" data-id=\"a1adaaa\" data-element_type=\"container\">\n\t\t\t\t<div class=\"elementor-element elementor-element-e2e509d elementor-widget elementor-widget-image\" data-id=\"e2e509d\" data-element_type=\"widget\" data-widget_type=\"image.default\">\n\t\t\t\t<div class=\"elementor-widget-container\">\n\t\t\t\t\t\t\t\t\t\t\t\t\t\t\t<img loading=\"lazy\" decoding=\"async\" width=\"97\" height=\"94\" src=\"https:\/\/www.berolkemi.es\/wp-content\/uploads\/2023\/05\/cubre-volantes.jpg\" class=\"attachment-large size-large wp-image-1227\" alt=\"\" \/>\t\t\t\t\t\t\t\t\t\t\t\t\t\t\t<\/div>\n\t\t\t\t<\/div>\n\t\t\t\t<\/div>\n\t\t<div class=\"elementor-element elementor-element-d638b67 e-con-full e-flex e-con e-parent\" data-id=\"d638b67\" data-element_type=\"container\">\n\t\t\t\t<div class=\"elementor-element elementor-element-3ec584e elementor-widget elementor-widget-text-editor\" data-id=\"3ec584e\" data-element_type=\"widget\" data-widget_type=\"text-editor.default\">\n\t\t\t\t<div class=\"elementor-widget-container\">\n\t\t\t\t\t\t\t\t\t<p><em>Film<strong> pl\u00e1stico transparente para protecci\u00f3n de volante y palanca de freno, rollos de 250 metros de largo, con aplicador giratorio intercambiable. <\/strong><\/em><\/p><p><em><strong>Disponibles en\u00a0 Cajas de 4 rollos + aplicador, <\/strong><\/em><em><strong>Rollos o aplicadores sueltos.\u00a0<\/strong><\/em><\/p>\t\t\t\t\t\t\t\t<\/div>\n\t\t\t\t<\/div>\n\t\t\t\t<\/div>\n\t\t<div class=\"elementor-element elementor-element-050d230 e-con-full e-flex e-con e-parent\" data-id=\"050d230\" data-element_type=\"container\">\n\t\t\t\t<div class=\"elementor-element elementor-element-2d0964c elementor-widget elementor-widget-image\" data-id=\"2d0964c\" data-element_type=\"widget\" data-widget_type=\"image.default\">\n\t\t\t\t<div class=\"elementor-widget-container\">\n\t\t\t\t\t\t\t\t\t\t\t\t\t\t\t<img loading=\"lazy\" decoding=\"async\" width=\"150\" height=\"142\" src=\"https:\/\/www.berolkemi.es\/wp-content\/uploads\/2023\/05\/cubre-volantes-V.jpg\" class=\"attachment-medium size-medium wp-image-1226\" alt=\"\" \/>\t\t\t\t\t\t\t\t\t\t\t\t\t\t\t<\/div>\n\t\t\t\t<\/div>\n\t\t\t\t<\/div>\n\t\t<div class=\"elementor-element elementor-element-50004cd e-con-full e-flex e-con e-parent\" data-id=\"50004cd\" data-element_type=\"container\">\n\t\t\t\t<div class=\"elementor-element elementor-element-12c0178 elementor-widget elementor-widget-image\" data-id=\"12c0178\" data-element_type=\"widget\" data-widget_type=\"image.default\">\n\t\t\t\t<div class=\"elementor-widget-container\">\n\t\t\t\t\t\t\t\t\t\t\t\t\t\t\t<img loading=\"lazy\" decoding=\"async\" width=\"144\" height=\"152\" src=\"https:\/\/www.berolkemi.es\/wp-content\/uploads\/2023\/04\/CUBRE-VOLANTE-GOMA-1.jpg\" class=\"attachment-medium size-medium wp-image-1072\" alt=\"\" \/>\t\t\t\t\t\t\t\t\t\t\t\t\t\t\t<\/div>\n\t\t\t\t<\/div>\n\t\t\t\t<\/div>\n\t\t<div class=\"elementor-element elementor-element-de23166 e-con-full e-flex e-con e-parent\" data-id=\"de23166\" data-element_type=\"container\">\n\t\t\t\t<div class=\"elementor-element elementor-element-50bc559 elementor-widget__width-initial elementor-widget elementor-widget-text-editor\" data-id=\"50bc559\" data-element_type=\"widget\" data-widget_type=\"text-editor.default\">\n\t\t\t\t<div class=\"elementor-widget-container\">\n\t\t\t\t\t\t\t\t\t<p><em><strong>Funda cubre volantes fabricada en plsico blanco, dotada de goma el\u00e1stica para adaptarse a cualquier tipo de volante de turismo. Disponible en cajas de 250 unidades.<\/strong><\/em><\/p>\t\t\t\t\t\t\t\t<\/div>\n\t\t\t\t<\/div>\n\t\t\t\t<\/div>\n\t\t<div class=\"elementor-element elementor-element-627622a e-con-full e-flex e-con e-parent\" data-id=\"627622a\" data-element_type=\"container\">\n\t\t\t\t<div class=\"elementor-element elementor-element-5158e27 elementor-widget elementor-widget-image\" data-id=\"5158e27\" data-element_type=\"widget\" data-widget_type=\"image.default\">\n\t\t\t\t<div class=\"elementor-widget-container\">\n\t\t\t\t\t\t\t\t\t\t\t\t\t\t\t<img loading=\"lazy\" decoding=\"async\" width=\"116\" height=\"150\" src=\"https:\/\/www.berolkemi.es\/wp-content\/uploads\/2023\/05\/soporte-de-pie-1.jpg\" class=\"attachment-large size-large wp-image-1232\" alt=\"\" \/>\t\t\t\t\t\t\t\t\t\t\t\t\t\t\t<\/div>\n\t\t\t\t<\/div>\n\t\t\t\t<\/div>\n\t\t<div class=\"elementor-element elementor-element-cb9c82c e-con-full e-flex e-con e-parent\" data-id=\"cb9c82c\" data-element_type=\"container\">\n\t\t\t\t<div class=\"elementor-element elementor-element-b2335d9 elementor-widget elementor-widget-text-editor\" data-id=\"b2335d9\" data-element_type=\"widget\" data-widget_type=\"text-editor.default\">\n\t\t\t\t<div class=\"elementor-widget-container\">\n\t\t\t\t\t\t\t\t\t<p><em><strong>soportes met\u00e1licos tubulares, para colocar un rollo de fundas de asiento, un rollo de alfombrillas de suelo, y rollos cubre volantes. Disponibles para colgar en pared o para colocar de pie.<\/strong><\/em><\/p>\t\t\t\t\t\t\t\t<\/div>\n\t\t\t\t<\/div>\n\t\t\t\t<\/div>\n\t\t<div class=\"elementor-element elementor-element-b67985d e-con-full e-flex e-con e-parent\" data-id=\"b67985d\" data-element_type=\"container\">\n\t\t\t\t<div class=\"elementor-element elementor-element-a549fff elementor-widget elementor-widget-image\" data-id=\"a549fff\" data-element_type=\"widget\" data-widget_type=\"image.default\">\n\t\t\t\t<div class=\"elementor-widget-container\">\n\t\t\t\t\t\t\t\t\t\t\t\t\t\t\t<img loading=\"lazy\" decoding=\"async\" width=\"142\" height=\"94\" src=\"https:\/\/www.berolkemi.es\/wp-content\/uploads\/2023\/05\/soporte-pared-rt.jpg\" class=\"attachment-large size-large wp-image-1230\" alt=\"\" \/>\t\t\t\t\t\t\t\t\t\t\t\t\t\t\t<\/div>\n\t\t\t\t<\/div>\n\t\t\t\t<\/div>\n\t\t<div class=\"elementor-element elementor-element-99de715 e-con-full e-flex e-con e-parent\" data-id=\"99de715\" data-element_type=\"container\">\n\t\t\t\t<\/div>\n\t\t\t\t\t<\/div>\n\t\t\t\t<\/div>\n\t\t\t\t<\/div>\n\t\t","protected":false},"excerpt":{"rendered":"<p>Le mostramos algunos de los art\u00edculos que disponemos para cuidado interior de los veh\u00edculos, sus clientes ver\u00e1n que usted cuida de sus coches\u00a0 desde el primer momento Alfombrillas de papel de alto gramaje medidas 40&#215;50 cent\u00edmetros, con huellas o con marca de autom\u00f3viles, posibilidad de\u00a0 personalizarlas. Fundas pl\u00e1sticas de color blanco, para la protecci\u00f3n completa de los asientos delanteros, fabricadas en pl\u00e1stico recuperado de alto gramaje, para una mayor resistencia a las roturas.\u00a0 Film pl\u00e1stico transparente para protecci\u00f3n de volante y palanca de freno, rollos de 250 metros de largo, con aplicador giratorio intercambiable. Disponibles en\u00a0 Cajas de 4 rollos + aplicador, Rollos o aplicadores sueltos.\u00a0 Funda cubre volantes fabricada&hellip; <a class=\"read-more\" href=\"https:\/\/www.berolkemi.es\/index.php\/proteccion-interior-de-vehiculos-2\/\">Leer m\u00e1s<\/a><\/p>\n","protected":false},"author":1,"featured_media":0,"parent":0,"menu_order":0,"comment_status":"closed","ping_status":"closed","template":"","meta":{"footnotes":""},"class_list":["post-1222","page","type-page","status-publish","hentry"],"_links":{"self":[{"href":"https:\/\/www.berolkemi.es\/index.php\/wp-json\/wp\/v2\/pages\/1222","targetHints":{"allow":["GET"]}}],"collection":[{"href":"https:\/\/www.berolkemi.es\/index.php\/wp-json\/wp\/v2\/pages"}],"about":[{"href":"https:\/\/www.berolkemi.es\/index.php\/wp-json\/wp\/v2\/types\/page"}],"author":[{"embeddable":true,"href":"https:\/\/www.berolkemi.es\/index.php\/wp-json\/wp\/v2\/users\/1"}],"replies":[{"embeddable":true,"href":"https:\/\/www.berolkemi.es\/index.php\/wp-json\/wp\/v2\/comments?post=1222"}],"version-history":[{"count":11,"href":"https:\/\/www.berolkemi.es\/index.php\/wp-json\/wp\/v2\/pages\/1222\/revisions"}],"predecessor-version":[{"id":1321,"href":"https:\/\/www.berolkemi.es\/index.php\/wp-json\/wp\/v2\/pages\/1222\/revisions\/1321"}],"wp:attachment":[{"href":"https:\/\/www.berolkemi.es\/index.php\/wp-json\/wp\/v2\/media?parent=1222"}],"curies":[{"name":"wp","href":"https:\/\/api.w.org\/{rel}","templated":true}]}}