{"id":134,"date":"2021-08-03T07:01:31","date_gmt":"2021-08-03T07:01:31","guid":{"rendered":"http:\/\/www.berolkemi.es\/?page_id=134"},"modified":"2023-06-14T11:06:08","modified_gmt":"2023-06-14T11:06:08","slug":"empresa","status":"publish","type":"page","link":"https:\/\/www.berolkemi.es\/index.php\/empresa\/","title":{"rendered":"EMPRESA"},"content":{"rendered":"\t\t<div data-elementor-type=\"wp-page\" data-elementor-id=\"134\" class=\"elementor elementor-134\">\n\t\t\t\t<div class=\"elementor-element elementor-element-8f76262 e-flex e-con-boxed e-con e-parent\" data-id=\"8f76262\" data-element_type=\"container\">\n\t\t\t\t\t<div class=\"e-con-inner\">\n\t\t\t\t<div class=\"elementor-element elementor-element-f2d14a8 elementor-widget elementor-widget-heading\" data-id=\"f2d14a8\" data-element_type=\"widget\" data-widget_type=\"heading.default\">\n\t\t\t\t<div class=\"elementor-widget-container\">\n\t\t\t\t\t<div class=\"elementor-heading-title elementor-size-large\">NUESTRA HISTORIA<\/div>\t\t\t\t<\/div>\n\t\t\t\t<\/div>\n\t\t\t\t\t<\/div>\n\t\t\t\t<\/div>\n\t\t<div class=\"elementor-element elementor-element-3b83116 e-flex e-con-boxed e-con e-parent\" data-id=\"3b83116\" data-element_type=\"container\">\n\t\t\t\t\t<div class=\"e-con-inner\">\n\t\t\t\t<div class=\"elementor-element elementor-element-f7045a3 elementor-widget__width-initial elementor-widget-tablet__width-initial elementor-widget elementor-widget-text-editor\" data-id=\"f7045a3\" data-element_type=\"widget\" data-widget_type=\"text-editor.default\">\n\t\t\t\t<div class=\"elementor-widget-container\">\n\t\t\t\t\t\t\t\t\t<p><span style=\"color: #000000;\"><strong>\u00a0<\/strong><\/span><span style=\"color: #000000;\"><strong>Desde 1992, fabricamos detergentes industriales para los campos de Automoci\u00f3n, Hosteler\u00eda e Industria . Distribuimos tambi\u00e9n una amplia variedad de art\u00edculos\u00a0 de limpieza relacionados\u00a0 con este tipo de industrias, para dar un mayor servicio a nuestros clientes<\/strong><\/span><\/p>\n<p style=\"text-align: center;\"><span style=\"color: #000000;\"><strong>Con mas de\u00a0 40 a\u00f1os el sector de automoci\u00f3n y con un equipo de venta muy profesionalizado, gracias a la experiencia adquirida con el paso de los a\u00f1os, nuestra empresa ha ido progresando, desde un peque\u00f1o local de no m\u00e1s de 100 m\u00b2 y una venta de productos que se limitaba a Madrid Capital, hasta las instalaciones de la actualidad ubicadas en al zona sur de Madrid, con una venta por todo en territorio Nacional, directamente y mediante \u00a0peque\u00f1os distribuidores en varias provincias Espa\u00f1olas.<\/strong><\/span><span style=\"color: #000000;\"><strong><!-- \/wp:paragraph --><!-- wp:paragraph {\"style\":{\"typography\":{\"fontSize\":\"12px\"}}} --><\/strong><\/span><\/p>\n<p style=\"text-align: center;\"><span style=\"color: #0000ff;\"><strong>Un equipo humano cada vez m\u00e1s cualificado, un trato personalizado y un servicio de entrega propio para la comunidad de Madrid, constituyen nuestra mejor base, para nuestra mayor meta:\u00a0 <\/strong><\/span><span style=\"color: #0000ff;\"><strong>NUESTROS CLIENTES SATISFECHOS<\/strong><\/span><span style=\"color: #000000;\"><strong><!-- \/wp:paragraph --><!-- wp:paragraph {\"style\":{\"typography\":{\"fontSize\":\"12px\"}}} --><\/strong><\/span><\/p>\n<p><span style=\"color: #000000;\"><strong>Nuestra red comercial presente en la Comunidad de Madrid y provincias lim\u00edtrofes y en todo el territorio nacional mediante distribuidores, en formaci\u00f3n continua, \u00a0atender\u00e1 sus peticiones y les asesorar\u00e1 de la manera mas eficaz, para economizar en le uso de\u00a0productos detergentes y optimizar el rendimiento de los mismos, consiguiendo un ahorro en sus costes y un mayor conocimiento de los productos que utiliza.<\/strong><\/span><\/p>\n<p style=\"text-align: center;\"><span style=\"color: #000000;\"><strong><!-- \/wp:paragraph --><!-- wp:paragraph {\"align\":\"left\",\"style\":{\"typography\":{\"fontSize\":\"12px\"}},\"textColor\":\"black\"} --><\/strong><\/span><\/p>\n<p><span style=\"color: #000000;\"><strong>Contamos con unas instalaciones de 1000 m\u00b2, ubicadas en la zona sur de Madrid, \u00a0para la fabricaci\u00f3n \u00a0y almacenamiento de nuestros productos.\u00a0<\/strong><\/span><\/p>\n<p style=\"text-align: center;\"><span style=\"color: #333300;\"><strong>Disponemos de un almac\u00e9n en continuo movimiento, para poder tener stock de todos los productos que ofrecemos a nuestros clientes.\u00a0\u00a0<\/strong><\/span><\/p>\t\t\t\t\t\t\t\t<\/div>\n\t\t\t\t<\/div>\n\t\t\t\t\t<\/div>\n\t\t\t\t<\/div>\n\t\t<div class=\"elementor-element elementor-element-4be93ee e-flex e-con-boxed e-con e-parent\" data-id=\"4be93ee\" data-element_type=\"container\">\n\t\t\t\t\t<div class=\"e-con-inner\">\n\t\t<div class=\"elementor-element elementor-element-a79a160 e-con-full e-flex e-con e-parent\" data-id=\"a79a160\" data-element_type=\"container\">\n\t\t\t\t<div class=\"elementor-element elementor-element-7c584de elementor-widget-mobile__width-initial elementor-widget elementor-widget-image\" data-id=\"7c584de\" data-element_type=\"widget\" data-widget_type=\"image.default\">\n\t\t\t\t<div class=\"elementor-widget-container\">\n\t\t\t\t\t\t\t\t\t\t\t\t\t\t\t<img fetchpriority=\"high\" decoding=\"async\" width=\"286\" height=\"213\" src=\"https:\/\/www.berolkemi.es\/wp-content\/uploads\/2021\/10\/almacen-1.jpg\" class=\"attachment-medium size-medium wp-image-475\" alt=\"ALMACEN\" \/>\t\t\t\t\t\t\t\t\t\t\t\t\t\t\t<\/div>\n\t\t\t\t<\/div>\n\t\t\t\t<div class=\"elementor-element elementor-element-3860fda elementor-widget elementor-widget-text-editor\" data-id=\"3860fda\" data-element_type=\"widget\" data-widget_type=\"text-editor.default\">\n\t\t\t\t<div class=\"elementor-widget-container\">\n\t\t\t\t\t\t\t\t\t<p style=\"text-align: center;\">Zona almac\u00e9n producto terminado, estanter\u00edas de paletizaci\u00f3n para envases de pl\u00e1sticos\u00a0 25 y 220 Kg\/Lt.<\/p>\t\t\t\t\t\t\t\t<\/div>\n\t\t\t\t<\/div>\n\t\t\t\t<\/div>\n\t\t<div class=\"elementor-element elementor-element-3c8007a e-con-full e-flex e-con e-parent\" data-id=\"3c8007a\" data-element_type=\"container\">\n\t\t\t\t<div class=\"elementor-element elementor-element-f846952 elementor-widget-mobile__width-initial elementor-widget elementor-widget-image\" data-id=\"f846952\" data-element_type=\"widget\" data-widget_type=\"image.default\">\n\t\t\t\t<div class=\"elementor-widget-container\">\n\t\t\t\t\t\t\t\t\t\t\t\t\t\t\t<img decoding=\"async\" width=\"300\" height=\"225\" src=\"https:\/\/www.berolkemi.es\/wp-content\/uploads\/2021\/10\/Almacen-4-300x225.jpg\" class=\"attachment-medium size-medium wp-image-483\" alt=\"\" srcset=\"https:\/\/www.berolkemi.es\/wp-content\/uploads\/2021\/10\/Almacen-4-300x225.jpg 300w, https:\/\/www.berolkemi.es\/wp-content\/uploads\/2021\/10\/Almacen-4.bmp 640w\" sizes=\"(max-width: 300px) 100vw, 300px\" \/>\t\t\t\t\t\t\t\t\t\t\t\t\t\t\t<\/div>\n\t\t\t\t<\/div>\n\t\t\t\t<div class=\"elementor-element elementor-element-efe0933 elementor-widget elementor-widget-text-editor\" data-id=\"efe0933\" data-element_type=\"widget\" data-widget_type=\"text-editor.default\">\n\t\t\t\t<div class=\"elementor-widget-container\">\n\t\t\t\t\t\t\t\t\t<p style=\"text-align: center;\">Zona almac\u00e9n , estanter\u00edas de paletizaci\u00f3n para envases de pl\u00e1sticos\u00a0 10,12 y 25\u00a0 Kg\/Lt.<\/p>\t\t\t\t\t\t\t\t<\/div>\n\t\t\t\t<\/div>\n\t\t\t\t<\/div>\n\t\t<div class=\"elementor-element elementor-element-2cdf476 e-flex e-con-boxed e-con e-parent\" data-id=\"2cdf476\" data-element_type=\"container\">\n\t\t\t\t\t<div class=\"e-con-inner\">\n\t\t\t\t<div class=\"elementor-element elementor-element-4a22484 elementor-widget elementor-widget-text-editor\" data-id=\"4a22484\" data-element_type=\"widget\" data-widget_type=\"text-editor.default\">\n\t\t\t\t<div class=\"elementor-widget-container\">\n\t\t\t\t\t\t\t\t\t<p style=\"text-align: center;\"><strong><mark style=\"background-color: rgba(0, 0, 0, 0);\">Gracias a nuestro almac\u00e9n podemos decir, que logramos la plena satisfacci\u00f3n en la entrega de producto a nuestros clientes, con unos plazos de entrega de 48\u201372 horas, a cualquier parte de la pen\u00ednsula. En la zona de la comunidad de Madrid los plazos a veces son de horas. \u00a0<\/mark><\/strong><\/p>\t\t\t\t\t\t\t\t<\/div>\n\t\t\t\t<\/div>\n\t\t\t\t\t<\/div>\n\t\t\t\t<\/div>\n\t\t\t\t\t<\/div>\n\t\t\t\t<\/div>\n\t\t<div class=\"elementor-element elementor-element-8261bfd e-flex e-con-boxed e-con e-parent\" data-id=\"8261bfd\" data-element_type=\"container\">\n\t\t\t\t\t<div class=\"e-con-inner\">\n\t\t<div class=\"elementor-element elementor-element-51b1af3 e-con-full e-flex e-con e-parent\" data-id=\"51b1af3\" data-element_type=\"container\">\n\t\t\t\t<div class=\"elementor-element elementor-element-2fa286c elementor-widget-mobile__width-initial elementor-widget elementor-widget-image\" data-id=\"2fa286c\" data-element_type=\"widget\" data-widget_type=\"image.default\">\n\t\t\t\t<div class=\"elementor-widget-container\">\n\t\t\t\t\t\t\t\t\t\t\t\t\t\t\t<img decoding=\"async\" width=\"230\" height=\"173\" src=\"https:\/\/www.berolkemi.es\/wp-content\/uploads\/2021\/10\/nave-mp-envases-pq.jpg\" class=\"attachment-large size-large wp-image-480\" alt=\"\" \/>\t\t\t\t\t\t\t\t\t\t\t\t\t\t\t<\/div>\n\t\t\t\t<\/div>\n\t\t\t\t<\/div>\n\t\t<div class=\"elementor-element elementor-element-3a85fbd e-con-full e-flex e-con e-parent\" data-id=\"3a85fbd\" data-element_type=\"container\">\n\t\t\t\t<div class=\"elementor-element elementor-element-d28f543 elementor-widget-mobile__width-initial elementor-widget elementor-widget-image\" data-id=\"d28f543\" data-element_type=\"widget\" data-widget_type=\"image.default\">\n\t\t\t\t<div class=\"elementor-widget-container\">\n\t\t\t\t\t\t\t\t\t\t\t\t\t\t\t<img loading=\"lazy\" decoding=\"async\" width=\"297\" height=\"222\" src=\"https:\/\/www.berolkemi.es\/wp-content\/uploads\/2021\/10\/Almacen-2-1.jpg\" class=\"attachment-medium size-medium wp-image-477\" alt=\"\" \/>\t\t\t\t\t\t\t\t\t\t\t\t\t\t\t<\/div>\n\t\t\t\t<\/div>\n\t\t\t\t<\/div>\n\t\t<div class=\"elementor-element elementor-element-e00abd1 e-con-full e-flex e-con e-parent\" data-id=\"e00abd1\" data-element_type=\"container\">\n\t\t\t\t<div class=\"elementor-element elementor-element-2c763f4 elementor-widget elementor-widget-text-editor\" data-id=\"2c763f4\" data-element_type=\"widget\" data-widget_type=\"text-editor.default\">\n\t\t\t\t<div class=\"elementor-widget-container\">\n\t\t\t\t\t\t\t\t\t<p style=\"text-align: center;\"><strong>Almacenes de envases pl\u00e1sticos de diversos tama\u00f1os y materias primas<\/strong><\/p>\t\t\t\t\t\t\t\t<\/div>\n\t\t\t\t<\/div>\n\t\t\t\t<\/div>\n\t\t\t\t\t<\/div>\n\t\t\t\t<\/div>\n\t\t<div class=\"elementor-element elementor-element-212b7c2 e-flex e-con-boxed e-con e-parent\" data-id=\"212b7c2\" data-element_type=\"container\">\n\t\t\t\t\t<div class=\"e-con-inner\">\n\t\t<div class=\"elementor-element elementor-element-7a5ebc0 e-con-full e-flex e-con e-parent\" data-id=\"7a5ebc0\" data-element_type=\"container\">\n\t\t\t\t<div class=\"elementor-element elementor-element-47888bb elementor-widget elementor-widget-text-editor\" data-id=\"47888bb\" data-element_type=\"widget\" data-widget_type=\"text-editor.default\">\n\t\t\t\t<div class=\"elementor-widget-container\">\n\t\t\t\t\t\t\t\t\t<p style=\"text-align: center;\"><span style=\"color: #000000;\"><strong>Disponemos de un peque\u00f1o laboratorio propio, para el control de calidad de nuestros fabricados y para la investigaci\u00f3n de nuevos productos, o en caso de precisarlo para la formulaci\u00f3n de los productos fabricados con marca blanca.<\/strong><\/span><\/p>\n<p style=\"text-align: center;\"><span style=\"color: #000000;\"><strong>Utilizamos los productos autorizados, para la fabricaci\u00f3n de detergentes seg\u00fan la legislaci\u00f3n vigente, las materias primas utilizadas, cumplen con la normativa de calidad ISO 9000 \u00a0y la de medio ambiente ISO 14000, dado que la mayor\u00eda de nuestros proveedores est\u00e1n homologados con estas normas de calidad y medio ambiente.<\/strong><\/span><\/p>\n<p style=\"text-align: center;\"><span style=\"color: #008000;\"><strong>Hemos empezado a incorporar envases reutilizables de pl\u00e1stico reciclado, en los envases mas demandados, para evitar la contaminaci\u00f3n por pl\u00e1sticos al medio ambiente.\u00a0<\/strong><\/span><\/p>\t\t\t\t\t\t\t\t<\/div>\n\t\t\t\t<\/div>\n\t\t\t\t<div class=\"elementor-element elementor-element-8d19a1e elementor-widget__width-initial elementor-widget elementor-widget-image\" data-id=\"8d19a1e\" data-element_type=\"widget\" data-widget_type=\"image.default\">\n\t\t\t\t<div class=\"elementor-widget-container\">\n\t\t\t\t\t\t\t\t\t\t\t\t\t\t\t<img loading=\"lazy\" decoding=\"async\" width=\"300\" height=\"250\" src=\"https:\/\/www.berolkemi.es\/wp-content\/uploads\/2023\/06\/Economia-circular-1-300x250.jpg\" class=\"attachment-medium size-medium wp-image-1344\" alt=\"\" srcset=\"https:\/\/www.berolkemi.es\/wp-content\/uploads\/2023\/06\/Economia-circular-1-300x250.jpg 300w, https:\/\/www.berolkemi.es\/wp-content\/uploads\/2023\/06\/Economia-circular-1.jpg 452w\" sizes=\"(max-width: 300px) 100vw, 300px\" \/>\t\t\t\t\t\t\t\t\t\t\t\t\t\t\t<\/div>\n\t\t\t\t<\/div>\n\t\t\t\t<\/div>\n\t\t\t\t\t<\/div>\n\t\t\t\t<\/div>\n\t\t\t\t<\/div>\n\t\t","protected":false},"excerpt":{"rendered":"<p>NUESTRA HISTORIA \u00a0Desde 1992, fabricamos detergentes industriales para los campos de Automoci\u00f3n, Hosteler\u00eda e Industria . Distribuimos tambi\u00e9n una amplia variedad de art\u00edculos\u00a0 de limpieza relacionados\u00a0 con este tipo de industrias, para dar un mayor servicio a nuestros clientes Con mas de\u00a0 40 a\u00f1os el sector de automoci\u00f3n y con un equipo de venta muy profesionalizado, gracias a la experiencia adquirida con el paso de los a\u00f1os, nuestra empresa ha ido progresando, desde un peque\u00f1o local de no m\u00e1s de 100 m\u00b2 y una venta de productos que se limitaba a Madrid Capital, hasta las instalaciones de la actualidad ubicadas en al zona sur de Madrid, con una venta por&hellip; <a class=\"read-more\" href=\"https:\/\/www.berolkemi.es\/index.php\/empresa\/\">Leer m\u00e1s<\/a><\/p>\n","protected":false},"author":1,"featured_media":0,"parent":0,"menu_order":0,"comment_status":"closed","ping_status":"closed","template":"","meta":{"footnotes":""},"class_list":["post-134","page","type-page","status-publish","hentry"],"_links":{"self":[{"href":"https:\/\/www.berolkemi.es\/index.php\/wp-json\/wp\/v2\/pages\/134","targetHints":{"allow":["GET"]}}],"collection":[{"href":"https:\/\/www.berolkemi.es\/index.php\/wp-json\/wp\/v2\/pages"}],"about":[{"href":"https:\/\/www.berolkemi.es\/index.php\/wp-json\/wp\/v2\/types\/page"}],"author":[{"embeddable":true,"href":"https:\/\/www.berolkemi.es\/index.php\/wp-json\/wp\/v2\/users\/1"}],"replies":[{"embeddable":true,"href":"https:\/\/www.berolkemi.es\/index.php\/wp-json\/wp\/v2\/comments?post=134"}],"version-history":[{"count":51,"href":"https:\/\/www.berolkemi.es\/index.php\/wp-json\/wp\/v2\/pages\/134\/revisions"}],"predecessor-version":[{"id":1359,"href":"https:\/\/www.berolkemi.es\/index.php\/wp-json\/wp\/v2\/pages\/134\/revisions\/1359"}],"wp:attachment":[{"href":"https:\/\/www.berolkemi.es\/index.php\/wp-json\/wp\/v2\/media?parent=134"}],"curies":[{"name":"wp","href":"https:\/\/api.w.org\/{rel}","templated":true}]}}