{"id":1803,"date":"2025-11-19T11:38:22","date_gmt":"2025-11-19T11:38:22","guid":{"rendered":"https:\/\/www.berolkemi.es\/?page_id=1803"},"modified":"2026-01-09T11:46:15","modified_gmt":"2026-01-09T11:46:15","slug":"informacion-tecnica","status":"publish","type":"page","link":"https:\/\/www.berolkemi.es\/index.php\/informacion-tecnica\/","title":{"rendered":"INFORMACION TECNICA"},"content":{"rendered":"\t\t<div data-elementor-type=\"wp-page\" data-elementor-id=\"1803\" class=\"elementor elementor-1803\">\n\t\t\t\t<div class=\"elementor-element elementor-element-6aa5927 e-flex e-con-boxed e-con e-parent\" data-id=\"6aa5927\" data-element_type=\"container\">\n\t\t\t\t\t<div class=\"e-con-inner\">\n\t\t\t\t<div class=\"elementor-element elementor-element-3e5bb25 elementor-invisible elementor-widget elementor-widget-heading\" data-id=\"3e5bb25\" data-element_type=\"widget\" data-settings=\"{&quot;_animation&quot;:&quot;fadeInDown&quot;}\" data-widget_type=\"heading.default\">\n\t\t\t\t<div class=\"elementor-widget-container\">\n\t\t\t\t\t<div class=\"elementor-heading-title elementor-size-default\">Estamos actualizando el contenido de esta p\u00e1gina.\nDisculpen las molestias                                                                             \n\nContacto: calidad@berolkemi.es<\/div>\t\t\t\t<\/div>\n\t\t\t\t<\/div>\n\t\t\t\t\t<\/div>\n\t\t\t\t<\/div>\n\t\t<div class=\"elementor-element elementor-element-53257c2 e-flex e-con-boxed e-con e-parent\" data-id=\"53257c2\" data-element_type=\"container\">\n\t\t\t\t\t<div class=\"e-con-inner\">\n\t\t<div class=\"elementor-element elementor-element-8c58240 e-con-full e-flex e-con e-child\" data-id=\"8c58240\" data-element_type=\"container\">\n\t\t\t\t<div class=\"elementor-element elementor-element-374d17e elementor-widget elementor-widget-text-editor\" data-id=\"374d17e\" data-element_type=\"widget\" data-widget_type=\"text-editor.default\">\n\t\t\t\t<div class=\"elementor-widget-container\">\n\t\t\t\t\t\t\t\t\t<p>\u00a0<\/p><p style=\"text-align: center;\"><strong><span style=\"color: #0000ff;\">DETERGENTES\u00a0 AUTOMOCI\u00d3N<\/span><\/strong><\/p><p style=\"text-align: center;\"><strong><span style=\"color: #0000ff;\">INFORMACI\u00d3N T\u00c9CNICA<\/span><\/strong><\/p><p style=\"text-align: center;\"><strong><span style=\"color: #0000ff;\">ACCEDER<\/span><\/strong><\/p>\t\t\t\t\t\t\t\t<\/div>\n\t\t\t\t<\/div>\n\t\t\t\t<\/div>\n\t\t<div class=\"elementor-element elementor-element-4f1f092 e-con-full e-flex e-con e-child\" data-id=\"4f1f092\" data-element_type=\"container\">\n\t\t\t\t<div class=\"elementor-element elementor-element-e9036c9 elementor-widget elementor-widget-text-editor\" data-id=\"e9036c9\" data-element_type=\"widget\" data-widget_type=\"text-editor.default\">\n\t\t\t\t<div class=\"elementor-widget-container\">\n\t\t\t\t\t\t\t\t\t<p style=\"text-align: center;\"><strong><span style=\"color: #99cc00;\">DETERGENTES HOSTELER\u00cdA<\/span><\/strong><\/p><p style=\"text-align: center;\"><strong><span style=\"color: #99cc00;\">INFORMACI\u00d3N T\u00c9CNICA<\/span><\/strong><\/p><p style=\"text-align: center;\"><strong><span style=\"color: #99cc00;\">\u00a0ACCEDER<\/span><\/strong><\/p>\t\t\t\t\t\t\t\t<\/div>\n\t\t\t\t<\/div>\n\t\t\t\t<\/div>\n\t\t<div class=\"elementor-element elementor-element-80b2108 e-con-full e-flex e-con e-child\" data-id=\"80b2108\" data-element_type=\"container\">\n\t\t\t\t<div class=\"elementor-element elementor-element-09694d0 elementor-widget elementor-widget-text-editor\" data-id=\"09694d0\" data-element_type=\"widget\" data-widget_type=\"text-editor.default\">\n\t\t\t\t<div class=\"elementor-widget-container\">\n\t\t\t\t\t\t\t\t\t<p style=\"text-align: center;\"><strong>DETERGENTES INDUSTRIA GENERAL<\/strong><\/p>\t\t\t\t\t\t\t\t<\/div>\n\t\t\t\t<\/div>\n\t\t\t\t<\/div>\n\t\t<div class=\"elementor-element elementor-element-98ff8aa e-con-full e-flex e-con e-child\" data-id=\"98ff8aa\" data-element_type=\"container\">\n\t\t\t\t<div class=\"elementor-element elementor-element-7574c83 elementor-widget elementor-widget-text-editor\" data-id=\"7574c83\" data-element_type=\"widget\" data-widget_type=\"text-editor.default\">\n\t\t\t\t<div class=\"elementor-widget-container\">\n\t\t\t\t\t\t\t\t\t<p style=\"text-align: center;\"><span style=\"color: #000080;\"><strong>COMPLEMENTOS AUTOMOCI\u00d3N<\/strong><\/span><\/p>\t\t\t\t\t\t\t\t<\/div>\n\t\t\t\t<\/div>\n\t\t\t\t<\/div>\n\t\t<div class=\"elementor-element elementor-element-e27305f e-con-full e-flex e-con e-child\" data-id=\"e27305f\" data-element_type=\"container\">\n\t\t\t\t<div class=\"elementor-element elementor-element-4bfa513 elementor-widget elementor-widget-text-editor\" data-id=\"4bfa513\" data-element_type=\"widget\" data-widget_type=\"text-editor.default\">\n\t\t\t\t<div class=\"elementor-widget-container\">\n\t\t\t\t\t\t\t\t\t<p style=\"text-align: center;\"><strong><span style=\"color: #008000;\">COMPLEMENTOS<\/span><\/strong><\/p><p style=\"text-align: center;\"><strong><span style=\"color: #008000;\"> ART\u00cdCULOS DE LIMPIEZA<\/span><\/strong><\/p>\t\t\t\t\t\t\t\t<\/div>\n\t\t\t\t<\/div>\n\t\t\t\t<\/div>\n\t\t<div class=\"elementor-element elementor-element-25097cb e-con-full e-flex e-con e-child\" data-id=\"25097cb\" data-element_type=\"container\">\n\t\t\t\t<div class=\"elementor-element elementor-element-d9fb7db elementor-widget elementor-widget-text-editor\" data-id=\"d9fb7db\" data-element_type=\"widget\" data-widget_type=\"text-editor.default\">\n\t\t\t\t<div class=\"elementor-widget-container\">\n\t\t\t\t\t\t\t\t\t<p><span style=\"color: #333333;\"><strong>COMPLEMENTOS INDUSTRIALES<\/strong><\/span><\/p>\t\t\t\t\t\t\t\t<\/div>\n\t\t\t\t<\/div>\n\t\t\t\t<\/div>\n\t\t\t\t\t<\/div>\n\t\t\t\t<\/div>\n\t\t\t\t<\/div>\n\t\t","protected":false},"excerpt":{"rendered":"<p>Estamos actualizando el contenido de esta p\u00e1gina. Disculpen las molestias Contacto: calidad@berolkemi.es \u00a0 DETERGENTES\u00a0 AUTOMOCI\u00d3N INFORMACI\u00d3N T\u00c9CNICA ACCEDER DETERGENTES HOSTELER\u00cdA INFORMACI\u00d3N T\u00c9CNICA \u00a0ACCEDER DETERGENTES INDUSTRIA GENERAL COMPLEMENTOS AUTOMOCI\u00d3N COMPLEMENTOS ART\u00cdCULOS DE LIMPIEZA COMPLEMENTOS INDUSTRIALES<\/p>\n","protected":false},"author":1,"featured_media":0,"parent":0,"menu_order":0,"comment_status":"closed","ping_status":"closed","template":"","meta":{"footnotes":""},"class_list":["post-1803","page","type-page","status-publish","hentry"],"_links":{"self":[{"href":"https:\/\/www.berolkemi.es\/index.php\/wp-json\/wp\/v2\/pages\/1803","targetHints":{"allow":["GET"]}}],"collection":[{"href":"https:\/\/www.berolkemi.es\/index.php\/wp-json\/wp\/v2\/pages"}],"about":[{"href":"https:\/\/www.berolkemi.es\/index.php\/wp-json\/wp\/v2\/types\/page"}],"author":[{"embeddable":true,"href":"https:\/\/www.berolkemi.es\/index.php\/wp-json\/wp\/v2\/users\/1"}],"replies":[{"embeddable":true,"href":"https:\/\/www.berolkemi.es\/index.php\/wp-json\/wp\/v2\/comments?post=1803"}],"version-history":[{"count":10,"href":"https:\/\/www.berolkemi.es\/index.php\/wp-json\/wp\/v2\/pages\/1803\/revisions"}],"predecessor-version":[{"id":1822,"href":"https:\/\/www.berolkemi.es\/index.php\/wp-json\/wp\/v2\/pages\/1803\/revisions\/1822"}],"wp:attachment":[{"href":"https:\/\/www.berolkemi.es\/index.php\/wp-json\/wp\/v2\/media?parent=1803"}],"curies":[{"name":"wp","href":"https:\/\/api.w.org\/{rel}","templated":true}]}}