{"id":189,"date":"2021-08-10T10:20:52","date_gmt":"2021-08-10T10:20:52","guid":{"rendered":"http:\/\/www.berolkemi.es\/?page_id=189"},"modified":"2023-04-17T16:03:30","modified_gmt":"2023-04-17T16:03:30","slug":"industria","status":"publish","type":"page","link":"https:\/\/www.berolkemi.es\/index.php\/industria\/","title":{"rendered":"INDUSTRIA"},"content":{"rendered":"\t\t<div data-elementor-type=\"wp-page\" data-elementor-id=\"189\" class=\"elementor elementor-189\">\n\t\t\t\t\t\t<section class=\"elementor-section elementor-top-section elementor-element elementor-element-5c227caf elementor-section-boxed elementor-section-height-default elementor-section-height-default\" data-id=\"5c227caf\" data-element_type=\"section\">\n\t\t\t\t\t\t<div class=\"elementor-container elementor-column-gap-default\">\n\t\t\t\t\t<div class=\"elementor-column elementor-col-100 elementor-top-column elementor-element elementor-element-255f27b5\" data-id=\"255f27b5\" data-element_type=\"column\">\n\t\t\t<div class=\"elementor-widget-wrap elementor-element-populated\">\n\t\t\t\t\t\t<div class=\"elementor-element elementor-element-64fce90e elementor-widget elementor-widget-text-editor\" data-id=\"64fce90e\" data-element_type=\"widget\" data-widget_type=\"text-editor.default\">\n\t\t\t\t<div class=\"elementor-widget-container\">\n\t\t\t\t\t\t\t\t\t<p><\/p>\n<div class=\"wp-block-cover has-background-dim\" style=\"min-height: 390px;aspect-ratio:unset;\"><p><img decoding=\"async\" class=\"wp-block-cover__image-background aligncenter wp-image-33 size-medium\" src=\"https:\/\/www.berolkemi.es\/wp-content\/uploads\/2021\/06\/industria-300x150.jpg\" alt=\"\" width=\"300\" height=\"150\" data-object-fit=\"cover\" srcset=\"https:\/\/www.berolkemi.es\/wp-content\/uploads\/2021\/06\/industria-300x150.jpg 300w, https:\/\/www.berolkemi.es\/wp-content\/uploads\/2021\/06\/industria.jpg 600w\" sizes=\"(max-width: 300px) 100vw, 300px\" \/><\/p>\n<div class=\"wp-block-cover__inner-container is-layout-flow wp-block-cover-is-layout-flow\">\n<p><\/p>\n<p class=\"alignfull has-text-align-center\" style=\"text-align: center;\">\n<\/p><p><\/p>\n<p class=\"has-medium-font-size\">Productos para todo tipo de industria, Desengrasantes generales , desengrasantes de baja espuma, &nbsp;limpiadores de bater\u00edas de aire acondicionado, limpiadores de circuitos, anticongelantes , limpia radiadores, limpia piezas,&nbsp; jabones para manos l\u00edquidos y en pasta, sepiolita absorbente para vertidos,&nbsp; gafas protectoras, mascarillas especiales para gases,&nbsp; art\u00edculos de limpieza y mantenimiento en general.<\/p>\n<p><\/p>\n<\/div>\n<\/div>\n<p><\/p>\n<p><\/p>\n<p style=\"text-align: center;\"><strong>LIMPIEZAS GENERALES<\/strong><\/p>\n<p class=\"has-text-align-center\">Para <strong>limpieza <\/strong>y <strong>mantenimiento <\/strong>de <strong>maquinaria<\/strong>, <strong>motores<\/strong>, <strong>gr\u00faas<\/strong>, <strong>compresores<\/strong>, <strong>cuadros <\/strong>etc&#8230;<\/p>\n<p><\/p>\n<p class=\"has-text-align-left\"><strong>&nbsp;<\/strong><strong>BEROL 9:&nbsp;<\/strong>Desengrasante de color azul. multiusos, de espuma moderada, &nbsp;para limpieza y desengrase de todo tipo de superficies, maquinaria, motores, chapas, zonas de paso , elimina todo tipo de suciedades, humos, polvos, grasas, resinas, pinturas viejas, etc&#8230;<\/p>\n<p class=\"has-text-align-left\"><strong>BEROL 07:<\/strong>&nbsp;Desengrasante de color rojo, muy espumante para limpieza y desengrase de maquinaria, motores, elimina grasas, humos, resinas, etc.<\/p>\n<p class=\"has-text-align-left\"><strong>BEROL H.T:<\/strong>&nbsp;Desengrasante &nbsp;de color marr\u00f3n, de car\u00e1cter en\u00e9rgico para limpiezas fuertes, elimina todo tipo de suciedades y grasas en &nbsp;maquinaria de obra publica, tractores, camiones, &nbsp;viales, carteler\u00eda y se\u00f1alizaci\u00f3n, motores, etc.<\/p>\n<p class=\"has-text-align-left\"><strong>BEROL A.R<a href=\"https:\/\/berolkemi.es\/files\/6-Berol-A-R-Aluminios-especificacion.pdf\" target=\"_blank\" rel=\"noreferrer noopener\"> &nbsp;<\/a><\/strong>Desengrasante de color naranja, ligeramente alcalino de car\u00e1cter espumante, para limpieza de aluminios, acero inoxidable, radiadores, bater\u00edas, circuitos. Su espuma se sujeta a las superficies verticales, aguantando mas tiempo sobre ellas y facilitando la eliminaci\u00f3n de suciedades sin frotar. NO DA\u00d1A EL &nbsp;ALUMINIO.<\/p>\n<p class=\"has-text-align-left\"><strong>BEROL LANCO:&nbsp;<\/strong>L\u00edquido anticongelante puro, en base etilenglicol, colores Rosa, verde y amarillo, contiene inhibidores de corrosi\u00f3n y oxidaci\u00f3n de los circuitos.<\/p>\n<p><strong>BEROL LIMPIA PIEZAS:<\/strong> Disolvente especial, para m\u00e1quina de limpieza de piezas con&nbsp; recirculaci\u00f3n.<\/p>\n<p><\/p>\n<p><\/p>\n<p class=\"has-text-align-center\"><span style=\"color: #333333;\"><strong>MANTENIMIENTO TALLER<\/strong><\/span><\/p>\n<p><\/p>\n<p class=\"has-text-align-center\">&nbsp;<strong>Limpieza <\/strong>de <strong>suelos <\/strong>de <strong>taller <\/strong>y de <strong>oficinas<\/strong>, <strong>mantenimiento <\/strong>de &nbsp;<strong>recintos <\/strong>y <strong>ba\u00f1os<\/strong>, cubos industriales, fregonas, cepillos recoge agua, absorbentes para &nbsp;aceites y l\u00edquidos contaminantes, fregonas industriales, carros, papeleras, cepillos, etc&#8230; <strong>Productos<\/strong>:<\/p>\n<p><\/p>\n<p class=\"has-text-align-left\"><strong>BEROL SUELOS:<\/strong>&nbsp;Detergente desengrasante de baja espuma, para limpieza de suelos con m\u00e1quina o manualmente.<\/p>\n<p class=\"has-text-align-left\"><strong>BEROL 719:<\/strong>&nbsp;Friega suelos super perfumado a , lim\u00f3n, manzana o pino, para limpieza manual de suelos con fregona.<\/p>\n<p class=\"has-text-align-left\"><strong>BEROL ORMIDEC:&nbsp;<\/strong>Producto \u00e1cido para limpieza de cementos y restos calc\u00e1reos.<\/p>\n<p class=\"has-text-align-left\"><strong>SEPIOLITA:&nbsp;<\/strong>Absorbente mineral de grano fino para todo tipo de l\u00edquidos &nbsp;en sacos de 20 kilos.<\/p>\n<p class=\"has-text-align-left\"><strong>DECAPANTE<\/strong>: Decapante No clorado eliminador de pintadas y grafitis.<\/p>\n<p class=\"has-text-align-left\"><strong>CEPILLOS ARAGANES<\/strong>: Cepillo especial (harag\u00e1n) , para el arrastre y eliminaci\u00f3n de agua de los suelos, con doble labio de caucho, para ajuste perfecto en el suelo&nbsp; disponible en pl\u00e1stico&nbsp; de 75 cent\u00edmetros y mango especial aluminio reforzado de 1,40 metros.<\/p>\n<p><\/p>\n<p><\/p>\n<p class=\"has-text-align-center\"><span style=\"color: #333333;\"><strong>MANTENIMIENTO PERSONAL<\/strong><\/span><\/p>\n<p><\/p>\n<p class=\"has-text-align-center\" style=\"text-align: left;\">&nbsp;<strong>JABON DESENGRASANTE: <\/strong>Jab\u00f3n l\u00edquido de color marr\u00f3n para manos desengrasante de pH neutro y perfumado<\/p>\n<p><\/p>\n<p class=\"has-text-align-left\"><strong>BEROL PASTA DE <\/strong><strong>MECANICOS:<\/strong>&nbsp;Pasta desengrasante &nbsp;con microesferas finas de color verde olor manzana.<\/p>\n<p class=\"has-text-align-left\"><strong>PASTA RE-LI:<\/strong>&nbsp;Pasta desengrasante con micronesias gruesas verde de olor lim\u00f3n.<\/p>\n<p class=\"has-text-align-left\"><strong>GUANTES NITRILO:<\/strong>&nbsp;Guantes de nitrilo negro especial mec\u00e1nicos, de gran resistencia , se pueden usar varias veces.<\/p>\n<p class=\"has-text-align-left\"><strong>GAFAS protectoras<\/strong>: Catalogadas como EPi , pl\u00e1stico transparente, muy ligeras y resistentes, para todo tipo de trabajos, evitan salpicaduras y proyecciones.<\/p>\n<p class=\"has-text-align-left\"><strong>Mascaras Antigases: <\/strong>Catalogadas como EPIS, mascara facial con posibilidad de&nbsp; de dos filtros intercambiables,&nbsp; cumplen normativa y disponen de varios tipos de filtros, dependiendo el tipo de trabajo que se realice, para gases , polvos, nieblas, etc.<\/p>\n<p class=\"has-text-align-left\">Disponemos adem\u00e1s Bobinas de papel &nbsp;industrial para todo tipo de usos,&nbsp; rollos seca manos, papel higi\u00e9nico y toallas de papel desechables , dispensadores de papel, dispensadores de jab\u00f3n, equipaciones completas para ba\u00f1os y vestuarios.<\/p>\n<p><\/p>\t\t\t\t\t\t\t\t<\/div>\n\t\t\t\t<\/div>\n\t\t\t\t\t<\/div>\n\t\t<\/div>\n\t\t\t\t\t<\/div>\n\t\t<\/section>\n\t\t\t\t<\/div>\n\t\t","protected":false},"excerpt":{"rendered":"<p>LIMPIEZAS GENERALES Para limpieza y mantenimiento de maquinaria, motores, gr\u00faas, compresores, cuadros etc&#8230; &nbsp;BEROL 9:&nbsp;Desengrasante de color azul. multiusos, de espuma moderada, &nbsp;para limpieza y desengrase de todo tipo de superficies, maquinaria, motores, chapas, zonas de paso , elimina todo tipo de suciedades, humos, polvos, grasas, resinas, pinturas viejas, etc&#8230; BEROL 07:&nbsp;Desengrasante de color rojo, muy espumante para limpieza y desengrase de maquinaria, motores, elimina grasas, humos, resinas, etc. BEROL H.T:&nbsp;Desengrasante &nbsp;de color marr\u00f3n, de car\u00e1cter en\u00e9rgico para limpiezas fuertes, elimina todo tipo de suciedades y grasas en &nbsp;maquinaria de obra publica, tractores, camiones, &nbsp;viales, carteler\u00eda y se\u00f1alizaci\u00f3n, motores, etc. BEROL A.R &nbsp;Desengrasante de color naranja, ligeramente alcalino de car\u00e1cter&hellip; <a class=\"read-more\" href=\"https:\/\/www.berolkemi.es\/index.php\/industria\/\">Leer m\u00e1s<\/a><\/p>\n","protected":false},"author":1,"featured_media":0,"parent":0,"menu_order":0,"comment_status":"closed","ping_status":"closed","template":"template-blank-canvas-full-width.php","meta":{"footnotes":""},"class_list":["post-189","page","type-page","status-publish","hentry"],"_links":{"self":[{"href":"https:\/\/www.berolkemi.es\/index.php\/wp-json\/wp\/v2\/pages\/189","targetHints":{"allow":["GET"]}}],"collection":[{"href":"https:\/\/www.berolkemi.es\/index.php\/wp-json\/wp\/v2\/pages"}],"about":[{"href":"https:\/\/www.berolkemi.es\/index.php\/wp-json\/wp\/v2\/types\/page"}],"author":[{"embeddable":true,"href":"https:\/\/www.berolkemi.es\/index.php\/wp-json\/wp\/v2\/users\/1"}],"replies":[{"embeddable":true,"href":"https:\/\/www.berolkemi.es\/index.php\/wp-json\/wp\/v2\/comments?post=189"}],"version-history":[{"count":12,"href":"https:\/\/www.berolkemi.es\/index.php\/wp-json\/wp\/v2\/pages\/189\/revisions"}],"predecessor-version":[{"id":1083,"href":"https:\/\/www.berolkemi.es\/index.php\/wp-json\/wp\/v2\/pages\/189\/revisions\/1083"}],"wp:attachment":[{"href":"https:\/\/www.berolkemi.es\/index.php\/wp-json\/wp\/v2\/media?parent=189"}],"curies":[{"name":"wp","href":"https:\/\/api.w.org\/{rel}","templated":true}]}}