{"id":73,"date":"2021-06-21T11:04:54","date_gmt":"2021-06-21T11:04:54","guid":{"rendered":"http:\/\/www.berolkemi.es\/?page_id=73"},"modified":"2023-09-06T10:41:42","modified_gmt":"2023-09-06T10:41:42","slug":"detergentes-hosteleria-2","status":"publish","type":"page","link":"https:\/\/www.berolkemi.es\/index.php\/detergentes-hosteleria-2\/","title":{"rendered":"DETERGENTES HOSTELER\u00cdA"},"content":{"rendered":"\t\t<div data-elementor-type=\"wp-page\" data-elementor-id=\"73\" class=\"elementor elementor-73\">\n\t\t\t\t\t\t<section class=\"elementor-section elementor-top-section elementor-element elementor-element-4096e31c elementor-section-boxed elementor-section-height-default elementor-section-height-default\" data-id=\"4096e31c\" data-element_type=\"section\">\n\t\t\t\t\t\t<div class=\"elementor-container elementor-column-gap-default\">\n\t\t\t\t\t<div class=\"elementor-column elementor-col-100 elementor-top-column elementor-element elementor-element-68945d91\" data-id=\"68945d91\" data-element_type=\"column\">\n\t\t\t<div class=\"elementor-widget-wrap elementor-element-populated\">\n\t\t\t\t\t\t<div class=\"elementor-element elementor-element-aa1375c elementor-arrows-position-inside elementor-widget elementor-widget-image-carousel\" data-id=\"aa1375c\" data-element_type=\"widget\" data-settings=\"{&quot;slides_to_show&quot;:&quot;3&quot;,&quot;slides_to_scroll&quot;:&quot;1&quot;,&quot;navigation&quot;:&quot;arrows&quot;,&quot;autoplay&quot;:&quot;yes&quot;,&quot;pause_on_hover&quot;:&quot;yes&quot;,&quot;pause_on_interaction&quot;:&quot;yes&quot;,&quot;autoplay_speed&quot;:5000,&quot;infinite&quot;:&quot;yes&quot;,&quot;speed&quot;:500}\" data-widget_type=\"image-carousel.default\">\n\t\t\t\t<div class=\"elementor-widget-container\">\n\t\t\t\t\t\t\t<div class=\"elementor-image-carousel-wrapper swiper\" role=\"region\" aria-roledescription=\"carousel\" aria-label=\"Carrusel de im\u00e1genes\" dir=\"ltr\">\n\t\t\t<div class=\"elementor-image-carousel swiper-wrapper\" aria-live=\"off\">\n\t\t\t\t\t\t\t\t<div class=\"swiper-slide\" role=\"group\" aria-roledescription=\"slide\" aria-label=\"1 de 19\"><figure class=\"swiper-slide-inner\"><img decoding=\"async\" class=\"swiper-slide-image\" src=\"https:\/\/www.berolkemi.es\/wp-content\/uploads\/2023\/06\/lavavajillas-1-150x150.jpg\" alt=\"lavavajillas\" \/><\/figure><\/div><div class=\"swiper-slide\" role=\"group\" aria-roledescription=\"slide\" aria-label=\"2 de 19\"><figure class=\"swiper-slide-inner\"><img decoding=\"async\" class=\"swiper-slide-image\" src=\"https:\/\/www.berolkemi.es\/wp-content\/uploads\/2023\/06\/AMano-grasa-6-150x150.jpg\" alt=\"AMano grasa 6\" \/><\/figure><\/div><div class=\"swiper-slide\" role=\"group\" aria-roledescription=\"slide\" aria-label=\"3 de 19\"><figure class=\"swiper-slide-inner\"><img decoding=\"async\" class=\"swiper-slide-image\" src=\"https:\/\/www.berolkemi.es\/wp-content\/uploads\/2023\/06\/abrillantado-suelos-113x150.jpg\" alt=\"abrillantado suelos\" \/><\/figure><\/div><div class=\"swiper-slide\" role=\"group\" aria-roledescription=\"slide\" aria-label=\"4 de 19\"><figure class=\"swiper-slide-inner\"><img decoding=\"async\" class=\"swiper-slide-image\" src=\"https:\/\/www.berolkemi.es\/wp-content\/uploads\/2023\/06\/cocinas-150x109.jpeg\" alt=\"cocinas\" \/><\/figure><\/div><div class=\"swiper-slide\" role=\"group\" aria-roledescription=\"slide\" aria-label=\"5 de 19\"><figure class=\"swiper-slide-inner\"><img decoding=\"async\" class=\"swiper-slide-image\" src=\"https:\/\/www.berolkemi.es\/wp-content\/uploads\/2023\/06\/abrillantador-114x150.jpg\" alt=\"abrillantador\" \/><\/figure><\/div><div class=\"swiper-slide\" role=\"group\" aria-roledescription=\"slide\" aria-label=\"6 de 19\"><figure class=\"swiper-slide-inner\"><img decoding=\"async\" class=\"swiper-slide-image\" src=\"https:\/\/www.berolkemi.es\/wp-content\/uploads\/2023\/06\/Pulve-grasa-150x150.jpg\" alt=\"Pulve grasa\" \/><\/figure><\/div><div class=\"swiper-slide\" role=\"group\" aria-roledescription=\"slide\" aria-label=\"7 de 19\"><figure class=\"swiper-slide-inner\"><img decoding=\"async\" class=\"swiper-slide-image\" src=\"https:\/\/www.berolkemi.es\/wp-content\/uploads\/2023\/06\/cafetera-2-113x150.jpg\" alt=\"cafetera 2\" \/><\/figure><\/div><div class=\"swiper-slide\" role=\"group\" aria-roledescription=\"slide\" aria-label=\"8 de 19\"><figure class=\"swiper-slide-inner\"><img decoding=\"async\" class=\"swiper-slide-image\" src=\"https:\/\/www.berolkemi.es\/wp-content\/uploads\/2023\/06\/cubo-fregar-suelos-2-150x150.jpeg\" alt=\"cubo fregar suelos 2\" \/><\/figure><\/div><div class=\"swiper-slide\" role=\"group\" aria-roledescription=\"slide\" aria-label=\"9 de 19\"><figure class=\"swiper-slide-inner\"><img decoding=\"async\" class=\"swiper-slide-image\" src=\"https:\/\/www.berolkemi.es\/wp-content\/uploads\/2023\/06\/campanas-extractoras-cocinas.jpg\" alt=\"campanas extractoras cocinas\" \/><\/figure><\/div><div class=\"swiper-slide\" role=\"group\" aria-roledescription=\"slide\" aria-label=\"10 de 19\"><figure class=\"swiper-slide-inner\"><img decoding=\"async\" class=\"swiper-slide-image\" src=\"https:\/\/www.berolkemi.es\/wp-content\/uploads\/2023\/06\/esquema-lavado-150x128.jpg\" alt=\"esquema lavado\" \/><\/figure><\/div><div class=\"swiper-slide\" role=\"group\" aria-roledescription=\"slide\" aria-label=\"11 de 19\"><figure class=\"swiper-slide-inner\"><img decoding=\"async\" class=\"swiper-slide-image\" src=\"https:\/\/www.berolkemi.es\/wp-content\/uploads\/2023\/06\/Contenedor-amarillo-150x79.jpg\" alt=\"Contenedor amarillo\" \/><\/figure><\/div><div class=\"swiper-slide\" role=\"group\" aria-roledescription=\"slide\" aria-label=\"12 de 19\"><figure class=\"swiper-slide-inner\"><img decoding=\"async\" class=\"swiper-slide-image\" src=\"https:\/\/www.berolkemi.es\/wp-content\/uploads\/2023\/06\/lavado-manos-3-150x150.png\" alt=\"lavado manos 3\" \/><\/figure><\/div><div class=\"swiper-slide\" role=\"group\" aria-roledescription=\"slide\" aria-label=\"13 de 19\"><figure class=\"swiper-slide-inner\"><img decoding=\"async\" class=\"swiper-slide-image\" src=\"https:\/\/www.berolkemi.es\/wp-content\/uploads\/2023\/06\/frega-paltos.jpg\" alt=\"frega paltos\" \/><\/figure><\/div><div class=\"swiper-slide\" role=\"group\" aria-roledescription=\"slide\" aria-label=\"14 de 19\"><figure class=\"swiper-slide-inner\"><img decoding=\"async\" class=\"swiper-slide-image\" src=\"https:\/\/www.berolkemi.es\/wp-content\/uploads\/2023\/06\/lavavajillas-113x150.jpg\" alt=\"lavavajillas\" \/><\/figure><\/div><div class=\"swiper-slide\" role=\"group\" aria-roledescription=\"slide\" aria-label=\"15 de 19\"><figure class=\"swiper-slide-inner\"><img decoding=\"async\" class=\"swiper-slide-image\" src=\"https:\/\/www.berolkemi.es\/wp-content\/uploads\/2023\/06\/suelo-brillante-3-rt-150x131.jpg\" alt=\"suelo brillante 3 rt\" \/><\/figure><\/div><div class=\"swiper-slide\" role=\"group\" aria-roledescription=\"slide\" aria-label=\"16 de 19\"><figure class=\"swiper-slide-inner\"><img decoding=\"async\" class=\"swiper-slide-image\" src=\"https:\/\/www.berolkemi.es\/wp-content\/uploads\/2023\/06\/suelo-casa-alfombra-118x150.jpg\" alt=\"suelo casa alfombra\" \/><\/figure><\/div><div class=\"swiper-slide\" role=\"group\" aria-roledescription=\"slide\" aria-label=\"17 de 19\"><figure class=\"swiper-slide-inner\"><img decoding=\"async\" class=\"swiper-slide-image\" src=\"https:\/\/www.berolkemi.es\/wp-content\/uploads\/2023\/06\/suelos-110x150.jpg\" alt=\"suelos\" \/><\/figure><\/div><div class=\"swiper-slide\" role=\"group\" aria-roledescription=\"slide\" aria-label=\"18 de 19\"><figure class=\"swiper-slide-inner\"><img decoding=\"async\" class=\"swiper-slide-image\" src=\"https:\/\/www.berolkemi.es\/wp-content\/uploads\/2023\/06\/garrafa.jpg\" alt=\"garrafa\" \/><\/figure><\/div><div class=\"swiper-slide\" role=\"group\" aria-roledescription=\"slide\" aria-label=\"19 de 19\"><figure class=\"swiper-slide-inner\"><img decoding=\"async\" class=\"swiper-slide-image\" src=\"https:\/\/www.berolkemi.es\/wp-content\/uploads\/2023\/06\/Plancha-150x150.jpg\" alt=\"Plancha\" \/><\/figure><\/div>\t\t\t<\/div>\n\t\t\t\t\t\t\t\t\t\t\t\t<div class=\"elementor-swiper-button elementor-swiper-button-prev\" role=\"button\" tabindex=\"0\">\n\t\t\t\t\t\t<svg aria-hidden=\"true\" class=\"e-font-icon-svg e-eicon-chevron-left\" viewBox=\"0 0 1000 1000\" xmlns=\"http:\/\/www.w3.org\/2000\/svg\"><path d=\"M646 125C629 125 613 133 604 142L308 442C296 454 292 471 292 487 292 504 296 521 308 533L604 854C617 867 629 875 646 875 663 875 679 871 692 858 704 846 713 829 713 812 713 796 708 779 692 767L438 487 692 225C700 217 708 204 708 187 708 171 704 154 692 142 675 129 663 125 646 125Z\"><\/path><\/svg>\t\t\t\t\t<\/div>\n\t\t\t\t\t<div class=\"elementor-swiper-button elementor-swiper-button-next\" role=\"button\" tabindex=\"0\">\n\t\t\t\t\t\t<svg aria-hidden=\"true\" class=\"e-font-icon-svg e-eicon-chevron-right\" viewBox=\"0 0 1000 1000\" xmlns=\"http:\/\/www.w3.org\/2000\/svg\"><path d=\"M696 533C708 521 713 504 713 487 713 471 708 454 696 446L400 146C388 133 375 125 354 125 338 125 325 129 313 142 300 154 292 171 292 187 292 204 296 221 308 233L563 492 304 771C292 783 288 800 288 817 288 833 296 850 308 863 321 871 338 875 354 875 371 875 388 867 400 854L696 533Z\"><\/path><\/svg>\t\t\t\t\t<\/div>\n\t\t\t\t\n\t\t\t\t\t\t\t\t\t<\/div>\n\t\t\t\t\t\t<\/div>\n\t\t\t\t<\/div>\n\t\t\t\t<div class=\"elementor-element elementor-element-29791544 elementor-widget elementor-widget-text-editor\" data-id=\"29791544\" data-element_type=\"widget\" data-widget_type=\"text-editor.default\">\n\t\t\t\t<div class=\"elementor-widget-container\">\n\t\t\t\t\t\t\t\t\t<p><\/p>\n<p><\/p>\n<p><\/p>\n<div class=\"wp-block-spacer\" style=\"height: 25px; text-align: center;\" aria-hidden=\"true\"><strong><span style=\"color: #333300;\">DETERGENTES HOSTELER\u00cdA<\/span><\/strong><\/div>\n<p><\/p>\n<p><span style=\"color: #000000;\"><span style=\"color: #ff9900;\"><strong><span style=\"text-decoration: underline;\">DETERGENTES LAVAVAJILLAS:<\/span><\/strong><\/span>\u00a0Detergentes especiales tolerantes con aguas duras y reforzados para aguas duras. Para limpieza en general de vajillas, cuberter\u00edas, cristaler\u00edas, en m\u00e1quinas lavavajillas, lava vasos, \u00a0y t\u00fanel de lavado industrial. Uso recomendado mediante dosificador de la m\u00e1quina indicado para ello. Envases dispponibles de 5, 6,12 y 25 kilos.<\/span><\/p>\n<p><\/p>\n<p><strong>BEROL 701 :<\/strong> Detergente L\u00edquido tolerante con aguas duras para m\u00e1quinas Lavavajillas<\/p>\n<p><\/p>\n<p><strong>BEROL 701-R :<\/strong> Detergente L\u00edquido reforzado, especial aguas duras, para m\u00e1quinas Lavavajillas<\/p>\n<p><\/p>\n<p><strong>LAVAMAC :<\/strong> Detergente L\u00edquido especial para m\u00e1quinas Lavavajillas.<\/p>\n<p><\/p>\n<p><strong>BEROL 703<\/strong> : Liquido descalcificante limpiador interior de m\u00e1quinas lavavajillas.<\/p>\n<p><\/p>\n<p>Garrafas disponibles de 5, 6, 10 , 12 y 25 Kilos de capacidad , dependiendo del producto , los envases de 5 o 6 Kg , se venden en cajas de 4 garrafas.<\/p>\n<p><\/p>\n<p><span style=\"color: #000000;\"><span style=\"text-decoration: underline; color: #0000ff;\"><strong>ABRILLANTADORES:<\/strong><\/span>\u00a0Productos especialmente formulados, para producir un efecto de secado rapido en la vajilla y cristaler\u00eda, adem\u00e1s de evitar la acumulaci\u00f3n de gotas de agua que producen manchas, obteniendo un gran efecto brillo en toda la cristaler\u00eda.Uso recomendado mediante dosificador de la m\u00e1quina indicado para ello. Envases disponibles: 5 , 10 y 25 litros.<\/span><\/p>\n<p><\/p>\n<p><strong>BEROL 702 : <\/strong>L\u00edquido abrillantador tolerante con aguas duras para m\u00e1quinas Lavavajillas<\/p>\n<p><\/p>\n<p><strong>BEROL 702-R :<\/strong> L\u00edquido abrillantador reforzado, especial aguas duras, para m\u00e1quinas Lavavajillas<\/p>\n<p><\/p>\n<p><strong>BRILLAMAC :<\/strong> L\u00edquido abrillantador especial para m\u00e1quinas Lavavajillas.<\/p>\n<p><\/p>\n<p><strong>LAVADO MANUAL:\u00a0<\/strong>Productos concentrados, de ph neutro para lavado manual y desengrase de cristaleria, menaje, cuberteria, vajilla, ollas, marmitas, su densa espuma ayuda a desengrasar. \u00a0<\/p>\n<p><\/p>\n<p><span style=\"color: #000000;\"><span style=\"text-decoration: underline;\"><strong>LIMPIADORES GENERALES Y SUELOS:<\/strong><\/span> Detergentes para limpieza de superficies y suelos, altamente perfumados para limpieza en general en hoteles, cafeter\u00edas, restaurantes, trenes, aviones, residencias, \u00a0limpian y desengrasan de manera eficaz, sin producir mucha espuma, y secan sin dejar huella, dejando un agradable olor despu\u00e9s de su uso.<\/span><\/p>\n<p><\/p>\n<p><strong>BEROL 705 <\/strong>: Detergente Limpiador Amoniacal pino, perfumado<\/p>\n<p><\/p>\n<p><strong>BEROL 705-N:<\/strong> Detergentes para suelos Neutro, perfumado a fresa ,\u00a0 especialmente formulado para limpieza delicada de suelos de madera y suelos abrillantadas.<\/p>\n<p><\/p>\n<p><strong>BEROL 719 :<\/strong> Fregasuelos l\u00edquido , altamente perfumados, Disponible en olor: Pino,\u00a0 Lim\u00f3n o Manzana, Pino-Flor<\/p>\n<p><\/p>\n<p>Garrafas disponibles de 5, 10 y 25 Litros de capacidad , los envases de 5 Lt, se venden en cajas de 4 garrafas.<\/p>\n<p><\/p>\n<p><\/p>\n<p><strong>\u00a0<\/strong><\/p>\n<p><\/p>\n<p><span style=\"text-decoration: underline; color: #008080;\"><strong><span>LIMPIA CRISTALES:\u00a0<\/span><\/strong><\/span><span style=\"color: #000000;\">Productos concentrados\u00a0 desengrasante para limpieza de cristales, espejos, validos tambi\u00e9n como limpiadores con bioalcohol. Uso recomendado al 50% diluido con agua.<\/span><\/p>\n<p><\/p>\n<p><strong> Berol Cristalim:<\/strong> Limpia Cristales Multiusos Desengrasante concentrado, valido para cristales, limpieza y desengrase de\u00a0 encimeras y mesas, formica,\u00a0<br \/><strong> Cristalim UD: <\/strong> Limpia Cristales especial uso directo.<\/p>\n<p><\/p>\n<p>Garrafas disponibles de 5, 10 y 25 Lt. de capacidad , los envases de 5 Lt, se venden en cajas de 4 garrafas.<\/p>\n<p><\/p>\n<p><span style=\"color: #000000;\"><span style=\"color: #3366ff;\"><strong>DESENGRASANTES MULTIUSOS CONCENTRADOS:<\/strong><\/span>\u00a0En la limpieza di\u00e1ria en cocinas, planchas y hosteler\u00eda en general, productos muy vers\u00e1tiles, desengrasan con facilidad todo tipo de grasas, animales, vegetales, restos de comida, etc.<\/span><\/p>\n<p><\/p>\n<p><\/p>\n<p><strong>Berol 708<\/strong> : Desengrasante Multiusos Concentrado<\/p>\n<p><\/p>\n<p><strong>Berol 709<\/strong> :, Desengrasante Concentrado Limpia Planchas y Hornos<\/p>\n<p><\/p>\n<p><strong>Berol 728<\/strong> : Desengrasante Multiusos Concnetrado En\u00e9rgico<\/p>\n<p><\/p>\n<p><strong> Desgrasol<\/strong>: Desengrasante Especial Multiusos<\/p>\n<p><\/p>\n<p><strong>Limplas<\/strong>: Desengrasante Especial Limpia Planchas<\/p>\n<p><\/p>\n<p><strong> Desgrasol UD:<\/strong> Desengrasante especial uso directo<br \/>Garrafas disponibles de 5, 12 y 25 Kg. de capacidad , los envases de 5 Kg, se venden en cajas de 4 garrafas.<\/p>\n<p><strong>Berol 714:<\/strong> Detergente universal con Bioalcohol, para limpieza y desengrase de mesas, barras, formica,\u00a0<\/p>\n<p><\/p>\n<p><strong><br \/><span style=\"color: #000000;\"><span style=\"text-decoration: underline; color: #800080;\">JABONES DE MANOS:<\/span>\u00a0<\/span><\/strong><span style=\"color: #000000;\">Productos especialmente dise\u00f1ados, para su uso en Hosteler\u00eda y Colectividades, geles viscosos perfumados para limpieza de manos, en oficinas, cafeter\u00edas, restaurantes, hoteles, aviones, autocares, trenes, industria alimentaria, etc.<\/span><br \/><span style=\"color: #000000;\">Uso recomendado mediante jaboneras o dispensadores de jab\u00f3n.<\/span><\/p>\n<p><\/p>\n<p><\/p>\n<p><strong>Dermo Gel Mesana : <\/strong>Gel de manos tipo dermo, perfumado, producto cosmetico..<\/p>\n<p><strong>Gel Hidroalcoholico Perfumado:<\/strong> Gel de uso sin aclarado, producto cosmetico, con agradable perfume<\/p>\n<p><\/p>\n<p>Garrafas disponibles de 5 Litros ,<\/p>\n<p><\/p>\n<p><span style=\"color: #000000;\"><span style=\"text-decoration: underline; color: #422222;\"><strong>PRODUCTOS PARA LAVADO DE ROPA:<\/strong>\u00a0<\/span>Detergentes l\u00edquidos concentrados y perfumados, as\u00ed como suavizante de ropa altamente perfumado, para su uso en colectividades, hoteles, residencias, restaurantes, etc. Valido para todo tipo de ropa y tejidos, eliminan manchas resistentes, sin da\u00f1ar los tejidos. Disponible tambi\u00e9n detergente Lavadora en polvo , sacos de 10 kilos de peso<\/span>.<\/p>\n<p><\/p>\n<p><strong>Berol 711<\/strong>:Detergente liquido concentrado perfumado, para manchas dif\u00edciles y ropa blanca.<\/p>\n<p><\/p>\n<p><strong>Berol 712<\/strong> : Suavizante l\u00edquido concentrado altamente perfumado.<\/p>\n<p><\/p>\n<p>Garrafas disponibles de 5, 12 y 25 Kg. de capacidad , los envases de 5 Kg, se venden en cajas de 4 garrafas.<\/p>\n<p><\/p>\t\t\t\t\t\t\t\t<\/div>\n\t\t\t\t<\/div>\n\t\t\t\t\t<\/div>\n\t\t<\/div>\n\t\t\t\t\t<\/div>\n\t\t<\/section>\n\t\t\t\t<\/div>\n\t\t","protected":false},"excerpt":{"rendered":"<p>DETERGENTES LAVAVAJILLAS:\u00a0Detergentes especiales tolerantes con aguas duras y reforzados para aguas duras. Para limpieza en general de vajillas, cuberter\u00edas, cristaler\u00edas, en m\u00e1quinas lavavajillas, lava vasos, \u00a0y t\u00fanel de lavado industrial. Uso recomendado mediante dosificador de la m\u00e1quina indicado para ello. Envases dispponibles de 5, 6,12 y 25 kilos. BEROL 701 : Detergente L\u00edquido tolerante con aguas duras para m\u00e1quinas Lavavajillas BEROL 701-R : Detergente L\u00edquido reforzado, especial aguas duras, para m\u00e1quinas Lavavajillas LAVAMAC : Detergente L\u00edquido especial para m\u00e1quinas Lavavajillas. BEROL 703 : Liquido descalcificante limpiador interior de m\u00e1quinas lavavajillas. Garrafas disponibles de 5, 6, 10 , 12 y 25 Kilos de capacidad , dependiendo del producto , los envases&hellip; <a class=\"read-more\" href=\"https:\/\/www.berolkemi.es\/index.php\/detergentes-hosteleria-2\/\">Leer m\u00e1s<\/a><\/p>\n","protected":false},"author":1,"featured_media":0,"parent":0,"menu_order":0,"comment_status":"closed","ping_status":"closed","template":"template-blank-canvas.php","meta":{"footnotes":""},"class_list":["post-73","page","type-page","status-publish","hentry"],"_links":{"self":[{"href":"https:\/\/www.berolkemi.es\/index.php\/wp-json\/wp\/v2\/pages\/73","targetHints":{"allow":["GET"]}}],"collection":[{"href":"https:\/\/www.berolkemi.es\/index.php\/wp-json\/wp\/v2\/pages"}],"about":[{"href":"https:\/\/www.berolkemi.es\/index.php\/wp-json\/wp\/v2\/types\/page"}],"author":[{"embeddable":true,"href":"https:\/\/www.berolkemi.es\/index.php\/wp-json\/wp\/v2\/users\/1"}],"replies":[{"embeddable":true,"href":"https:\/\/www.berolkemi.es\/index.php\/wp-json\/wp\/v2\/comments?post=73"}],"version-history":[{"count":10,"href":"https:\/\/www.berolkemi.es\/index.php\/wp-json\/wp\/v2\/pages\/73\/revisions"}],"predecessor-version":[{"id":1668,"href":"https:\/\/www.berolkemi.es\/index.php\/wp-json\/wp\/v2\/pages\/73\/revisions\/1668"}],"wp:attachment":[{"href":"https:\/\/www.berolkemi.es\/index.php\/wp-json\/wp\/v2\/media?parent=73"}],"curies":[{"name":"wp","href":"https:\/\/api.w.org\/{rel}","templated":true}]}}